{"id":55,"date":"2026-02-11T10:58:13","date_gmt":"2026-02-11T10:58:13","guid":{"rendered":"http:\/\/odemisgidaodasi.org.tr\/?page_id=55"},"modified":"2026-02-16T12:01:49","modified_gmt":"2026-02-16T12:01:49","slug":"duyurular","status":"publish","type":"page","link":"https:\/\/odemisgidaodasi.org.tr\/index.php\/duyurular\/","title":{"rendered":"Duyurular"},"content":{"rendered":"<div class=\"et_pb_section_0 et_pb_section et_pb_fullwidth_section et_section_regular et_block_section et_pb_section_parallax section_has_divider et_pb_top_divider\"><div class=\"et_pb_top_inside_divider et-no-transition\"><\/div><span class=\"et-pb-parallax-wrapper\"><span class=\"et-pb-parallax-background et-pb-parallax-background-module--divi-section-0\" style=\"background-image:url(https:\/\/odemisgidaodasi.org.tr\/wp-content\/uploads\/2026\/02\/5.png)\"><\/span><\/span>\n<section class=\"et_pb_fullwidth_header_0 et_pb_fullwidth_header et_pb_bg_layout_dark et_pb_text_align_center et_animated et_pb_module et_flex_module\"><div class=\"et_pb_fullwidth_header_container center\"><div class=\"header-content-container center\"><div class=\"header-content et_flex_module\"><h2 class=\"et_pb_module_header\">\u00d6demi\u015f Bilumum G\u0131da Maddeleri ile U\u011fra\u015fanlar Esnaf ve Sanatkarlar Odas\u0131<\/h2><span class=\"et_pb_fullwidth_header_subhead\">G\u00dcNCEL DUYRULAR<\/span><div class=\"et_pb_header_button_wrapper\"><\/div><\/div><\/div><\/div><div class=\"et_pb_fullwidth_header_overlay\"><\/div><div class=\"et_pb_fullwidth_header_scroll\"><\/div><\/section>\n<\/div>\n\n<div class=\"et_pb_section_1 et_pb_section et_section_specialty et_pb_gutters3 et_block_section\"><div class=\"et_pb_row et_block_row\">\n<div class=\"et_pb_column_0 et_pb_column et_pb_specialty_column et_pb_column_2_3 et_block_column et_pb_css_mix_blend_mode_passthrough\">\n<div class=\"et_pb_row_inner_0 et_pb_row_inner et_block_row\">\n<div class=\"et_pb_column_inner_0 et_pb_column_inner et_pb_column et_pb_column_4_4 et-last-child et_block_column et_pb_css_mix_blend_mode_passthrough\">\n<div class=\"et_pb_blog_0 et_pb_blog et_pb_bg_layout_dark et_pb_posts et_pb_module\"><div class=\"et_pb_ajax_pagination_container\"><div class=\"et_pb_posts et_block_module\"><article class=\"et_pb_post et_pb_post_id_261 clearfix et_pb_blog_item_0_0 post-261 post type-post status-publish format-standard hentry category-gundem\"><h2 class=\"entry-title\"><a href=\"https:\/\/odemisgidaodasi.org.tr\/index.php\/2026\/03\/24\/ramazan-bayrami-mesaji\/\">Ramazan Bayram\u0131 Mesaj\u0131<\/a><\/h2><p class=\"post-meta\"><span class=\"entry-categories\"><a href=\"https:\/\/odemisgidaodasi.org.tr\/index.php\/category\/gundem\/\" rel=\"tag\">G\u00fcndem<\/a><\/span><\/p><div class=\"post-content\"><div class=\"post-content-inner\"><p>\u00d6demi\u015f Bilimum G\u0131da Maddeleriyle U\u011fra\u015fanlar Esnaf ve Sanatkarlar Odas\u0131 taraf\u0131ndan yay\u0131mlanan Ramazan Bayram\u0131 mesaj\u0131nda, birlik ve beraberlik vurgusu yap\u0131ld\u0131. Mesajda, \u00d6demi\u015f\u2019te emek veren ve \u00fcreten t\u00fcm esnaf ile hem\u015fehrilerle birlikte daha nice bayramlara ula\u015fma&#8230;<\/p>\n<\/div><\/div><\/article><article class=\"et_pb_post et_pb_post_id_257 clearfix et_pb_blog_item_0_1 post-257 post type-post status-publish format-standard hentry category-gundem\"><h2 class=\"entry-title\"><a href=\"https:\/\/odemisgidaodasi.org.tr\/index.php\/2026\/03\/24\/esnaf-kazanirsa-odemis-kazanir\/\">Esnaf Kazan\u0131rsa, \u00d6demi\u015f Kazan\u0131r<\/a><\/h2><p class=\"post-meta\"><span class=\"entry-categories\"><a href=\"https:\/\/odemisgidaodasi.org.tr\/index.php\/category\/gundem\/\" rel=\"tag\">G\u00fcndem<\/a><\/span><\/p><div class=\"post-content\"><div class=\"post-content-inner\"><p>\u00d6demi\u015f Bilimum G\u0131da Maddeleriyle U\u011fra\u015fanlar Esnaf ve Sanatkarlar Odas\u0131 taraf\u0131ndan yap\u0131lan a\u00e7\u0131klamada, yerel esnaf\u0131n \u00f6nemine dikkat \u00e7ekilerek bayram al\u0131\u015fveri\u015flerinde esnafa destek olunmas\u0131 \u00e7a\u011fr\u0131s\u0131nda bulunuldu. A\u00e7\u0131klamada, y\u0131llard\u0131r eme\u011fiyle \u00e7al\u0131\u015fan esnaf\u0131n \u015fehrin en&#8230;<\/p>\n<\/div><\/div><\/article><article class=\"et_pb_post et_pb_post_id_253 clearfix et_pb_blog_item_0_2 post-253 post type-post status-publish format-standard hentry category-gundem\"><h2 class=\"entry-title\"><a href=\"https:\/\/odemisgidaodasi.org.tr\/index.php\/2026\/03\/24\/odemis-kent-konseyinden-odamiza-ziyaret\/\">\u00d6demi\u015f Kent Konseyi\u2019nden Odam\u0131za Ziyaret<\/a><\/h2><p class=\"post-meta\"><span class=\"entry-categories\"><a href=\"https:\/\/odemisgidaodasi.org.tr\/index.php\/category\/gundem\/\" rel=\"tag\">G\u00fcndem<\/a><\/span><\/p><div class=\"post-content\"><div class=\"post-content-inner\"><p>\u00d6demi\u015f Kent Konseyi Ba\u015fkan\u0131 Sadettin Mahmut\u00e7ao\u011flu ve beraberindeki y\u00f6netim kurulu \u00fcyeleri, \u00d6demi\u015f Bilimum G\u0131da Maddeleriyle U\u011fra\u015fanlar Esnaf ve Sanatkarlar Odas\u0131\u2019n\u0131 ziyaret etti. Ger\u00e7ekle\u015ftirilen ziyarette, \u00d6demi\u015f\u2019e katk\u0131 sa\u011flayacak \u00e7al\u0131\u015fmalar \u00fczerine kar\u015f\u0131l\u0131kl\u0131 g\u00f6r\u00fc\u015f&#8230;<\/p>\n<\/div><\/div><\/article><article class=\"et_pb_post et_pb_post_id_249 clearfix et_pb_blog_item_0_3 post-249 post type-post status-publish format-standard hentry category-gundem\"><h2 class=\"entry-title\"><a href=\"https:\/\/odemisgidaodasi.org.tr\/index.php\/2026\/03\/24\/hp-odemis-ilce-teskilatindan-odamiza-ziyaret\/\">HP \u00d6demi\u015f \u0130l\u00e7e Te\u015fkilat\u0131ndan Odam\u0131za Ziyaret<\/a><\/h2><p class=\"post-meta\"><span class=\"entry-categories\"><a href=\"https:\/\/odemisgidaodasi.org.tr\/index.php\/category\/gundem\/\" rel=\"tag\">G\u00fcndem<\/a><\/span><\/p><div class=\"post-content\"><div class=\"post-content-inner\"><p>\u0130\u00e7e Cumhuriyet Halk Partisi \u00d6demi\u015f \u0130l\u00e7e Ba\u015fkan\u0131 B\u00fclent Eker, Kad\u0131n Kollar\u0131 Ba\u015fkan\u0131 \u015eeyda Gere ve beraberindeki y\u00f6netim kurulu \u00fcyeleri, \u00d6demi\u015f Bilimum G\u0131da Maddeleriyle U\u011fra\u015fanlar Esnaf ve Sanatkarlar Odas\u0131\u2019n\u0131 ziyaret etti. Ger\u00e7ekle\u015ftirilen ziyarette, \u00d6demi\u015f\u2019e katk\u0131&#8230;<\/p>\n<\/div><\/div><\/article><\/div><div class=\"pagination clearfix\">\n\t<div class=\"alignleft\"><a href=\"https:\/\/odemisgidaodasi.org.tr\/index.php\/wp-json\/wp\/v2\/pages\/55\/page\/2\/?et_blog\" >&laquo; Eski Giri\u015fler<\/a><\/div>\n\t<div class=\"alignright\"><\/div>\n<\/div><\/div><\/div>\n<\/div>\n<\/div>\n<\/div>\n\n<div class=\"et_pb_column_1 et_pb_column et_pb_column_single et_pb_column_1_3 et-last-child et_block_column et_pb_column_empty et_pb_css_mix_blend_mode_passthrough\"><\/div>\n<\/div><\/div>\n\n<div class=\"et_pb_section_2 et_pb_section et_section_regular et_block_section\">\n<div class=\"et_pb_row_0 et_pb_row et_block_row\">\n<div class=\"et_pb_column_2 et_pb_column et_pb_column_1_3 et_block_column et_pb_css_mix_blend_mode_passthrough\">\n<div class=\"et_pb_icon_0 et_pb_icon et_pb_module et_block_module preset--module--divi-icon--3f7ba636-1568-484c-a599-d83443b63927\"><span class=\"et_pb_icon_wrap\"><span class=\"et-pb-icon\">\ue090<\/span><\/span><\/div>\n\n<div class=\"et_pb_text_0 et_pb_text et_pb_bg_layout_light et_pb_module et_block_module et_pb_text_align_center preset--module--divi-text--03b43a64-185c-43fb-a7c3-65906d681797\"><div class=\"et_pb_text_inner\"><p><a data-dtype=\"d3ph\" data-local-attribute=\"d3ph\" jscontroller=\"LWZElb\" href=\"https:\/\/www.google.com\/search?q=%C3%B6demi%C5%9F+g%C4%B1da+maddeleri+odas%C4%B1&amp;rlz=1C5CHFA_enTR1156TR1156&amp;oq=%C3%B6demi%C5%9F+&amp;gs_lcrp=EgZjaHJvbWUqDggAEEUYJxg7GIAEGIoFMg4IABBFGCcYOxiABBiKBTIOCAEQRRgnGDsYgAQYigUyBggCEEUYOzINCAMQABiDARixAxiABDIHCAQQLhiABDIHCAUQABiABDIHCAYQLhiABDIQCAcQLhivARjHARiABBiOBTIHCAgQABiABDIHCAkQABiPAtIBCTMzNTBqMGoxNagCCLACAfEFF-UbNa35Cfc&amp;sourceid=chrome&amp;ie=UTF-8#\" jsdata=\"QKGTRc;_;XFyMaeLYHt3yi-gP0LKk-AY49\" jsaction=\"rcuQ6b:npT2md;F75qrd\" data-ved=\"2ahUKEwji9snin9GSAxVd-QIHHVAZCW8QkAgoAHoECE4QAg\"><span aria-label=\"(0232) 545 09 03 Numaral\u0131 Telefonu Ara\">(0232) 545 09 03<\/span><\/a><\/p>\n<\/div><\/div>\n<\/div>\n\n<div class=\"et_pb_column_3 et_pb_column et_pb_column_1_3 et_block_column et_pb_column_empty et_pb_css_mix_blend_mode_passthrough\"><\/div>\n\n<div class=\"et_pb_column_4 et_pb_column et_pb_column_1_3 et-last-child et_block_column et_pb_css_mix_blend_mode_passthrough\">\n<div class=\"et_pb_icon_1 et_pb_icon et_pb_module et_block_module preset--module--divi-icon--3f7ba636-1568-484c-a599-d83443b63927\"><span class=\"et_pb_icon_wrap\"><span class=\"et-pb-icon\">\uf3c5<\/span><\/span><\/div>\n\n<div class=\"et_pb_text_1 et_pb_text et_pb_bg_layout_light et_pb_module et_block_module et_pb_text_align_center preset--module--divi-text--03b43a64-185c-43fb-a7c3-65906d681797\"><div class=\"et_pb_text_inner\"><p><span style=\"font-size: 16px;\"><\/span><a href=\"https:\/\/www.google.com\/maps\/place\/\/data=!4m2!3m1!1s0x14b8e2e293407211:0x4c72b01d75360e03?sa=X&amp;ved=1t:8290&amp;ictx=111\" data-url=\"\/maps\/place\/\/data=!4m2!3m1!1s0x14b8e2e293407211:0x4c72b01d75360e03?sa=X&amp;ved=2ahUKEwji9snin9GSAxVd-QIHHVAZCW8Q4kB6BAgSEAA\" ping=\"\/url?sa=t&amp;source=web&amp;rct=j&amp;opi=89978449&amp;url=\/maps\/place\/\/data%3D!4m2!3m1!1s0x14b8e2e293407211:0x4c72b01d75360e03%3Fsa%3DX%26ved%3D1t:8290%26ictx%3D111&amp;ved=2ahUKEwji9snin9GSAxVd-QIHHVAZCW8Q4kB6BAhNEAM&amp;sqi=2\" style=\"font-size: 16px;\" tabindex=\"0\">Bengisu, T\u00fcrkoca\u011f\u0131 Sk. No:10, 35750 \u00d6demi\u015f\/\u0130zmir<\/a><\/p>\n<\/div><\/div>\n<\/div>\n<\/div>\n\n<div class=\"et_pb_row_1 et_pb_row et_flex_row\">\n<div class=\"et_pb_column_5 et_pb_column et-last-child et_flex_column et_pb_css_mix_blend_mode_passthrough et_flex_column_24_24 et_flex_column_24_24_tablet et_flex_column_24_24_phone\">\n<div class=\"et_pb_team_member_0 et_pb_team_member et_pb_team_member_no_image et_pb_bg_layout_light et_pb_module et_flex_module\"><div class=\"et_pb_team_member_description\"><h4 class=\"et_pb_module_header\">\u0130smail \u00c7EKEN<\/h4><p class=\"et_pb_member_position\">Genel Sekreter<\/p><div class=\"et_pb_team_member_description_content\"><h4>0 538 649 81 40<\/h4>\n<\/div><\/div><\/div>\n<\/div>\n<\/div>\n<\/div>","protected":false},"excerpt":{"rendered":"","protected":false},"author":1,"featured_media":0,"parent":0,"menu_order":0,"comment_status":"closed","ping_status":"closed","template":"","meta":{"footnotes":""},"class_list":["post-55","page","type-page","status-publish","hentry"],"_links":{"self":[{"href":"https:\/\/odemisgidaodasi.org.tr\/index.php\/wp-json\/wp\/v2\/pages\/55","targetHints":{"allow":["GET"]}}],"collection":[{"href":"https:\/\/odemisgidaodasi.org.tr\/index.php\/wp-json\/wp\/v2\/pages"}],"about":[{"href":"https:\/\/odemisgidaodasi.org.tr\/index.php\/wp-json\/wp\/v2\/types\/page"}],"author":[{"embeddable":true,"href":"https:\/\/odemisgidaodasi.org.tr\/index.php\/wp-json\/wp\/v2\/users\/1"}],"replies":[{"embeddable":true,"href":"https:\/\/odemisgidaodasi.org.tr\/index.php\/wp-json\/wp\/v2\/comments?post=55"}],"version-history":[{"count":16,"href":"https:\/\/odemisgidaodasi.org.tr\/index.php\/wp-json\/wp\/v2\/pages\/55\/revisions"}],"predecessor-version":[{"id":207,"href":"https:\/\/odemisgidaodasi.org.tr\/index.php\/wp-json\/wp\/v2\/pages\/55\/revisions\/207"}],"wp:attachment":[{"href":"https:\/\/odemisgidaodasi.org.tr\/index.php\/wp-json\/wp\/v2\/media?parent=55"}],"curies":[{"name":"wp","href":"https:\/\/api.w.org\/{rel}","templated":true}]}}